{"id":951,"date":"2024-01-19T21:45:24","date_gmt":"2024-01-19T20:45:24","guid":{"rendered":"https:\/\/www.gameandthecity.com\/?post_type=product&#038;p=951"},"modified":"2025-04-12T14:24:27","modified_gmt":"2025-04-12T12:24:27","slug":"jak-zlodejicek-branil-krale","status":"publish","type":"product","link":"https:\/\/www.gameandthecity.com\/cs\/produkt\/jak-zlodejicek-branil-krale\/","title":{"rendered":"JAK ZLOD\u011aJ\u00cd\u010cEK BR\u00c1NIL KR\u00c1LE"},"content":{"rendered":"","protected":false},"excerpt":{"rendered":"","protected":false},"featured_media":893,"comment_status":"open","ping_status":"closed","template":"","meta":{"om_disable_all_campaigns":false},"product_brand":[],"product_cat":[34],"product_tag":[35],"class_list":{"0":"post-951","1":"product","2":"type-product","3":"status-publish","4":"has-post-thumbnail","6":"product_cat-podklobukom","7":"product_tag-podklobukom","9":"first","10":"instock","11":"virtual","12":"purchasable","13":"product-type-simple"},"acf":[],"_links":{"self":[{"href":"https:\/\/www.gameandthecity.com\/cs\/wp-json\/wp\/v2\/product\/951","targetHints":{"allow":["GET"]}}],"collection":[{"href":"https:\/\/www.gameandthecity.com\/cs\/wp-json\/wp\/v2\/product"}],"about":[{"href":"https:\/\/www.gameandthecity.com\/cs\/wp-json\/wp\/v2\/types\/product"}],"replies":[{"embeddable":true,"href":"https:\/\/www.gameandthecity.com\/cs\/wp-json\/wp\/v2\/comments?post=951"}],"wp:featuredmedia":[{"embeddable":true,"href":"https:\/\/www.gameandthecity.com\/cs\/wp-json\/wp\/v2\/media\/893"}],"wp:attachment":[{"href":"https:\/\/www.gameandthecity.com\/cs\/wp-json\/wp\/v2\/media?parent=951"}],"wp:term":[{"taxonomy":"product_brand","embeddable":true,"href":"https:\/\/www.gameandthecity.com\/cs\/wp-json\/wp\/v2\/product_brand?post=951"},{"taxonomy":"product_cat","embeddable":true,"href":"https:\/\/www.gameandthecity.com\/cs\/wp-json\/wp\/v2\/product_cat?post=951"},{"taxonomy":"product_tag","embeddable":true,"href":"https:\/\/www.gameandthecity.com\/cs\/wp-json\/wp\/v2\/product_tag?post=951"}],"curies":[{"name":"wp","href":"https:\/\/api.w.org\/{rel}","templated":true}]}}