{"id":1051,"date":"2024-01-25T22:43:43","date_gmt":"2024-01-25T21:43:43","guid":{"rendered":"https:\/\/www.gameandthecity.com\/?post_type=product&#038;p=1051"},"modified":"2025-01-16T19:01:41","modified_gmt":"2025-01-16T18:01:41","slug":"gift-voucher-fantom-prahy","status":"publish","type":"product","link":"https:\/\/www.gameandthecity.com\/cs\/produkt\/gift-voucher-fantom-prahy\/","title":{"rendered":"D\u00e1rkov\u00fd poukaz - Fant\u00f3m Prahy"},"content":{"rendered":"","protected":false},"excerpt":{"rendered":"<p>\u017dijeme op\u011bt v dob\u011b kdy se do pop\u0159ed\u00ed z\u00e1jmu dost\u00e1v\u00e1 sb\u011br tajn\u00fdch informac\u00ed  \u010di odhalen\u00ed, p\u0159\u00edpadn\u00fdch dezinformac\u00ed.<br \/>\nPo letech n\u00e1m op\u011bt roste pohyb tajn\u00fdch agent\u016f na na\u0161em \u00fazem\u00ed.<\/p>\n<p>Praha, Bratislava, Kyjev dokonce i Brno tam v\u0161ude je moment\u00e1ln\u011b zv\u00fd\u0161en\u00e1 aktivita \u0161pionu v utajen\u00ed.<br \/>\nZ na\u0161ich zdroj\u016f vypl\u00fdv\u00e1, \u017ee pr\u00e1v\u011b do Prahy m\u00e1 p\u0159ijet n\u00e1\u0161 \u0161pi\u010dkov\u00fd b\u00fdval\u00fd agent.<\/p>\n<p>Je\u0161t\u011b jako \u010dlen na\u0161\u00ed organizace se dostal k utajen\u00fdm informac\u00edm o zosobn\u011bn\u00ed stovek agent\u016f na \u00fazem\u00ed Evropy.<br \/>\nTento \u010dlov\u011bk m\u00e1, pro jeho schopnost nen\u00e1padn\u011b a utajen\u011b se pohybovat kdekoli se ocitne, p\u0159ezd\u00edvku Fantom.<\/p>\n<p>Mus\u00edme ho zastavit st\u016fj co st\u016fj  !!!<\/p>\n<h3><span style=\"color: #999999;\">Term\u00edn hry je t\u0159eba domluvit telefonicky nebo e-mailem !<\/span><\/h3>","protected":false},"featured_media":143,"comment_status":"open","ping_status":"closed","template":"","meta":{"om_disable_all_campaigns":false},"product_brand":[],"product_cat":[37],"product_tag":[20,21,22],"class_list":{"0":"post-1051","1":"product","2":"type-product","3":"status-publish","4":"has-post-thumbnail","6":"product_cat-gift-vouchers","7":"product_tag-city-game","8":"product_tag-fantom-prahy","9":"product_tag-praha","11":"first","12":"instock","13":"virtual","14":"purchasable","15":"product-type-simple"},"acf":[],"_links":{"self":[{"href":"https:\/\/www.gameandthecity.com\/cs\/wp-json\/wp\/v2\/product\/1051","targetHints":{"allow":["GET"]}}],"collection":[{"href":"https:\/\/www.gameandthecity.com\/cs\/wp-json\/wp\/v2\/product"}],"about":[{"href":"https:\/\/www.gameandthecity.com\/cs\/wp-json\/wp\/v2\/types\/product"}],"replies":[{"embeddable":true,"href":"https:\/\/www.gameandthecity.com\/cs\/wp-json\/wp\/v2\/comments?post=1051"}],"wp:featuredmedia":[{"embeddable":true,"href":"https:\/\/www.gameandthecity.com\/cs\/wp-json\/wp\/v2\/media\/143"}],"wp:attachment":[{"href":"https:\/\/www.gameandthecity.com\/cs\/wp-json\/wp\/v2\/media?parent=1051"}],"wp:term":[{"taxonomy":"product_brand","embeddable":true,"href":"https:\/\/www.gameandthecity.com\/cs\/wp-json\/wp\/v2\/product_brand?post=1051"},{"taxonomy":"product_cat","embeddable":true,"href":"https:\/\/www.gameandthecity.com\/cs\/wp-json\/wp\/v2\/product_cat?post=1051"},{"taxonomy":"product_tag","embeddable":true,"href":"https:\/\/www.gameandthecity.com\/cs\/wp-json\/wp\/v2\/product_tag?post=1051"}],"curies":[{"name":"wp","href":"https:\/\/api.w.org\/{rel}","templated":true}]}}